{"id":55,"date":"2025-02-20T19:19:56","date_gmt":"2025-02-20T18:19:56","guid":{"rendered":"https:\/\/mjpharma.net\/conditions-dutilisation\/"},"modified":"2025-02-20T19:21:45","modified_gmt":"2025-02-20T18:21:45","slug":"conditions-dutilisation","status":"publish","type":"page","link":"https:\/\/mjpharma.net\/fr-be\/conditions-dutilisation\/","title":{"rendered":"Conditions d\u2019Utilisation"},"content":{"rendered":"\n<p>En acc\u00e9dant \u00e0 notre site web, vous acceptez les pr\u00e9sentes conditions d\u2019utilisation. Si vous n\u2019acceptez pas ces conditions, nous vous demandons de ne pas utiliser notre site.<\/p>\n\n<h3 class=\"wp-block-heading\">1. Acceptation des Conditions<\/h3>\n\n<p>L\u2019utilisation du site MJ Pharma est soumise \u00e0 l\u2019acceptation des pr\u00e9sentes conditions d\u2019utilisation. En utilisant ce site, vous reconnaissez avoir lu, compris et accept\u00e9 ces conditions.<\/p>\n\n<h3 class=\"wp-block-heading\">2. Responsabilit\u00e9s de l\u2019Utilisateur<\/h3>\n\n<ul class=\"wp-block-list\">\n<li>Les utilisateurs s\u2019engagent \u00e0 fournir des informations exactes et compl\u00e8tes lors de l\u2019utilisation des formulaires de contact et d\u2019abonnement \u00e0 la newsletter.<\/li>\n\n\n\n<li>Il est interdit d\u2019utiliser le site \u00e0 des fins illicites ou susceptibles de nuire \u00e0 MJ Pharma.<\/li>\n<\/ul>\n\n<h3 class=\"wp-block-heading\">3. Limitation de Responsabilit\u00e9<\/h3>\n\n<p>MJ Pharma ne peut \u00eatre tenu responsable des dommages r\u00e9sultant de l\u2019utilisation du site, de la disponibilit\u00e9 des services ou des informations fournies. MJ Pharma d\u00e9cline toute responsabilit\u00e9 en cas d\u2019erreurs techniques, de probl\u00e8mes d\u2019acc\u00e8s ou de transmission de virus sur son site.<\/p>\n\n<h3 class=\"wp-block-heading\">4. Modifications des Conditions<\/h3>\n\n<p>Nous nous r\u00e9servons le droit de modifier ces conditions \u00e0 tout moment. Les utilisateurs seront inform\u00e9s des modifications par une notification sur le site.<\/p>\n\n<h3 class=\"wp-block-heading\">5. Propri\u00e9t\u00e9 Intellectuelle<\/h3>\n\n<p>Tous les \u00e9l\u00e9ments du site, y compris les textes, images, logos et autres contenus, sont prot\u00e9g\u00e9s par des droits de propri\u00e9t\u00e9 intellectuelle. Leur reproduction, m\u00eame partielle, est interdite sans autorisation \u00e9crite.<\/p>\n","protected":false},"excerpt":{"rendered":"<p>En acc\u00e9dant \u00e0 notre site web, vous acceptez les pr\u00e9sentes conditions d\u2019utilisation. Si vous n\u2019acceptez pas ces conditions, nous vous demandons de ne pas utiliser notre site. 1. Acceptation des Conditions L\u2019utilisation du site MJ Pharma est soumise \u00e0 l\u2019acceptation des pr\u00e9sentes conditions d\u2019utilisation. En utilisant ce site, vous reconnaissez avoir lu, compris et accept\u00e9&#8230; <a class=\"font-medium underline underline-offset-4 text-slate-600 hover:no-underline\" href=\"https:\/\/mjpharma.net\/fr-be\/conditions-dutilisation\/\">Continuer de lire<\/a><\/p>\n","protected":false},"author":1,"featured_media":0,"parent":0,"menu_order":0,"comment_status":"closed","ping_status":"closed","template":"","meta":{"_seopress_robots_primary_cat":"","_seopress_titles_title":"","_seopress_titles_desc":"","_seopress_robots_index":"","footnotes":""},"class_list":["post-55","page","type-page","status-publish","hentry"],"_links":{"self":[{"href":"https:\/\/mjpharma.net\/fr-be\/wp-json\/wp\/v2\/pages\/55","targetHints":{"allow":["GET"]}}],"collection":[{"href":"https:\/\/mjpharma.net\/fr-be\/wp-json\/wp\/v2\/pages"}],"about":[{"href":"https:\/\/mjpharma.net\/fr-be\/wp-json\/wp\/v2\/types\/page"}],"author":[{"embeddable":true,"href":"https:\/\/mjpharma.net\/fr-be\/wp-json\/wp\/v2\/users\/1"}],"replies":[{"embeddable":true,"href":"https:\/\/mjpharma.net\/fr-be\/wp-json\/wp\/v2\/comments?post=55"}],"version-history":[{"count":1,"href":"https:\/\/mjpharma.net\/fr-be\/wp-json\/wp\/v2\/pages\/55\/revisions"}],"predecessor-version":[{"id":56,"href":"https:\/\/mjpharma.net\/fr-be\/wp-json\/wp\/v2\/pages\/55\/revisions\/56"}],"wp:attachment":[{"href":"https:\/\/mjpharma.net\/fr-be\/wp-json\/wp\/v2\/media?parent=55"}],"curies":[{"name":"wp","href":"https:\/\/api.w.org\/{rel}","templated":true}]}}