{"id":14,"date":"2025-02-20T17:20:17","date_gmt":"2025-02-20T17:20:17","guid":{"rendered":"https:\/\/mjpharma.net\/?page_id=14"},"modified":"2025-02-20T19:33:29","modified_gmt":"2025-02-20T18:33:29","slug":"homepage","status":"publish","type":"page","link":"https:\/\/mjpharma.net\/fr-be\/","title":{"rendered":"Homepage"},"content":{"rendered":"\n<p><\/p>\n\n\n\n<p><\/p>\n","protected":false},"excerpt":{"rendered":"","protected":false},"author":1,"featured_media":0,"parent":0,"menu_order":0,"comment_status":"closed","ping_status":"closed","template":"homepage.php","meta":{"_seopress_robots_primary_cat":"","_seopress_titles_title":"MJ Pharma Solutions - R\u00e9duisez vos invendus et augmentez vos profits","_seopress_titles_desc":"MJ Pharma aide les pharmacies \u00e0 r\u00e9duire leurs invendus, \u00e9conomiser sur les stocks et contribuer \u00e0 la durabilit\u00e9. Boostez vos profits avec une gestion \u00e9co-responsable.","_seopress_robots_index":"","footnotes":""},"class_list":["post-14","page","type-page","status-publish","hentry"],"_links":{"self":[{"href":"https:\/\/mjpharma.net\/fr-be\/wp-json\/wp\/v2\/pages\/14","targetHints":{"allow":["GET"]}}],"collection":[{"href":"https:\/\/mjpharma.net\/fr-be\/wp-json\/wp\/v2\/pages"}],"about":[{"href":"https:\/\/mjpharma.net\/fr-be\/wp-json\/wp\/v2\/types\/page"}],"author":[{"embeddable":true,"href":"https:\/\/mjpharma.net\/fr-be\/wp-json\/wp\/v2\/users\/1"}],"replies":[{"embeddable":true,"href":"https:\/\/mjpharma.net\/fr-be\/wp-json\/wp\/v2\/comments?post=14"}],"version-history":[{"count":2,"href":"https:\/\/mjpharma.net\/fr-be\/wp-json\/wp\/v2\/pages\/14\/revisions"}],"predecessor-version":[{"id":77,"href":"https:\/\/mjpharma.net\/fr-be\/wp-json\/wp\/v2\/pages\/14\/revisions\/77"}],"wp:attachment":[{"href":"https:\/\/mjpharma.net\/fr-be\/wp-json\/wp\/v2\/media?parent=14"}],"curies":[{"name":"wp","href":"https:\/\/api.w.org\/{rel}","templated":true}]}}